{"id":9111,"date":"2025-11-08T15:50:48","date_gmt":"2025-11-08T15:50:48","guid":{"rendered":"https:\/\/monparfum.net\/?post_type=product&#038;p=9111"},"modified":"2026-02-01T14:19:48","modified_gmt":"2026-02-01T14:19:48","slug":"eclat-depices-50g","status":"publish","type":"product","link":"https:\/\/monparfum.net\/index.php\/produit\/eclat-depices-50g\/","title":{"rendered":"\u00c9CLAT D'\u00c9PICES 50g"},"content":{"rendered":"<p>&nbsp;<\/p>\n<p>Tr\u00e8s original, d\u00e9couvrez nos Parfums Solides pour la maison (9 d\u00f4mes envelopp\u00e9s dans un papier de soie) dans leur boite m\u00e9tal \u00e0 vis :<\/p>\n<p>senteur <strong>\u00c9CLAT D'\u00c9PICES\u00a0<\/strong><\/p>\n<p>&nbsp;<\/p>\n<p>\u2022 Haute concentration en parfum<\/p>\n<p>\u2022 Cire 100% v\u00e9g\u00e9tale<\/p>\n<p>&nbsp;<\/p>\n<p><strong>Notes de t\u00eate :<\/strong>\u00a0Cerise, Fruits rouges, Cannelle<\/p>\n<p><strong>Notes de c\u0153ur :<\/strong>\u00a0Chocolat au lait, Lait, Chocolat<\/p>\n<p><strong>Notes de fond :<\/strong>\u00a0Vanille, Cacao en poudre, Musc<\/p>\n<p>&nbsp;<\/p>\n<p><span style=\"text-decoration: underline;\"><strong>Conseils d'utilisation<\/strong><\/span> :<\/p>\n<ul>\n<li>Plac\u00e9s 2 ou 3 d\u00f4mes dans chaque petit espace (placards, dressing, filtres d'aspirateur, pots pourris, tiroir, coiffeuse, bureau...).<\/li>\n<li>A maintenir \u00e0 temp\u00e9rature ambiante : \u00e9viter les sources de chaleur (radiateur, chemin\u00e9e, voiture l'\u00e9t\u00e9...) qui les feraient fondre.<\/li>\n<li>Vous pouvez les utiliser dans des br\u00fble-parfum pour embaumer votre int\u00e9rieur<\/li>\n<\/ul>\n<p><strong>Dur\u00e9e de vie<\/strong> : plusieurs mois (quand les d\u00f4mes de sentent plus, cass\u00e9s les en 2, puis en 4... pour relancer leur diffusion)<\/p>\n<p>&nbsp;<\/p>\n<p>&nbsp;<\/p>\n","protected":false},"excerpt":{"rendered":"<p>&nbsp;<\/p>\n<p style=\"padding-left: 40px;\" data-start=\"603\" data-end=\"746\"><span style=\"color: #ff7063;\"><em>Un sillage chaleureux et r\u00e9confortant, o\u00f9 les <strong data-start=\"128\" data-end=\"158\">fruits rouges et la cerise<\/strong> se m\u00ealent \u00e0 la <strong data-start=\"174\" data-end=\"186\">cannelle<\/strong> et au <strong data-start=\"193\" data-end=\"213\">chocolat au lait<\/strong>, avant de fondre dans une <strong data-start=\"240\" data-end=\"259\">vanille musqu\u00e9e<\/strong> d\u00e9licieusement cocooning.<\/em><\/span><\/p>\n<p style=\"padding-left: 40px;\" data-start=\"603\" data-end=\"746\"><span style=\"color: #ff7063;\"><em>Une fragrance \u00e9pic\u00e9e et gourmande qui emplit la maison d\u2019une ambiance douce, festive et irr\u00e9sistiblement r\u00e9confortante.<\/em><\/span><\/p>\n<p>&nbsp;<\/p>\n<p style=\"padding-left: 40px;\" data-start=\"748\" data-end=\"860\">Parfumerie Artisanale Fran\u00e7aise \ud83c\uddeb\ud83c\uddf7<br data-start=\"809\" data-end=\"812\" \/>\u00c9labor\u00e9 \u00e0 Grasse, Directe Artisan Parfumeur<\/p>\n<p>&nbsp;<\/p>\n<p style=\"padding-left: 40px;\" data-start=\"862\" data-end=\"889\"><strong>Description ci-dessous<\/strong> \ud83d\udc47<\/p>\n<p>&nbsp;<\/p>\n","protected":false},"featured_media":9112,"comment_status":"open","ping_status":"closed","template":"","meta":{"_acf_changed":false},"product_brand":[],"product_cat":[181,267,200],"product_tag":[62,63,64,417,79,66,187,67,105,69,201,70,71],"class_list":{"0":"post-9111","1":"product","2":"type-product","3":"status-publish","4":"has-post-thumbnail","6":"product_cat-maison","7":"product_cat-parfums-dinterieur","8":"product_cat-parfums-solides","9":"product_tag-aroma-sun","10":"product_tag-club-parfum","11":"product_tag-dlp","12":"product_tag-eclat-depices","13":"product_tag-exhalessence","14":"product_tag-femme","15":"product_tag-fleur-de-coton","16":"product_tag-fragrance","17":"product_tag-lolita-lempicka","18":"product_tag-parfum","19":"product_tag-parfum-solide","20":"product_tag-parfums-generiques","21":"product_tag-richard-parfums","23":"first","24":"instock","25":"taxable","26":"shipping-taxable","27":"purchasable","28":"product-type-simple"},"acf":[],"_links":{"self":[{"href":"https:\/\/monparfum.net\/index.php\/wp-json\/wp\/v2\/product\/9111","targetHints":{"allow":["GET"]}}],"collection":[{"href":"https:\/\/monparfum.net\/index.php\/wp-json\/wp\/v2\/product"}],"about":[{"href":"https:\/\/monparfum.net\/index.php\/wp-json\/wp\/v2\/types\/product"}],"replies":[{"embeddable":true,"href":"https:\/\/monparfum.net\/index.php\/wp-json\/wp\/v2\/comments?post=9111"}],"wp:featuredmedia":[{"embeddable":true,"href":"https:\/\/monparfum.net\/index.php\/wp-json\/wp\/v2\/media\/9112"}],"wp:attachment":[{"href":"https:\/\/monparfum.net\/index.php\/wp-json\/wp\/v2\/media?parent=9111"}],"wp:term":[{"taxonomy":"product_brand","embeddable":true,"href":"https:\/\/monparfum.net\/index.php\/wp-json\/wp\/v2\/product_brand?post=9111"},{"taxonomy":"product_cat","embeddable":true,"href":"https:\/\/monparfum.net\/index.php\/wp-json\/wp\/v2\/product_cat?post=9111"},{"taxonomy":"product_tag","embeddable":true,"href":"https:\/\/monparfum.net\/index.php\/wp-json\/wp\/v2\/product_tag?post=9111"}],"curies":[{"name":"wp","href":"https:\/\/api.w.org\/{rel}","templated":true}]}}