{"id":4001,"date":"2025-02-20T16:32:22","date_gmt":"2025-02-20T16:32:22","guid":{"rendered":"https:\/\/monparfum.net\/?post_type=product&#038;p=4001"},"modified":"2025-09-28T16:23:58","modified_gmt":"2025-09-28T16:23:58","slug":"parfum-dambiance-vanille-sensuelle-100-ml-2","status":"publish","type":"product","link":"https:\/\/monparfum.net\/index.php\/produit\/parfum-dambiance-vanille-sensuelle-100-ml-2\/","title":{"rendered":"VANILLE SENSUELLE 100 ml"},"content":{"rendered":"<p>.<\/p>\n<p>Notre Parfum d\u2019Ambiance, tr\u00e8s concentr\u00e9, cr\u00e9\u00e9 une atmosph\u00e8re NATURELLEMENT parfum\u00e9e dans toutes les pi\u00e8ces de votre maison pendant plusieurs heures.<\/p>\n<p>Des senteurs gourmandes, bois\u00e9es, fra\u00eeches ou cocooning... pour cr\u00e9er l\u2019ambiance qui vous ressemble et profiter d'un vrai moment de bien-\u00eatre chez vous.<\/p>\n<p>.<\/p>\n<p>Parfum <strong>d'int\u00e9rieur VANILLE SENSUELLE<\/strong><\/p>\n<p>Famille olfactive : <strong>Fleuri - Gourmand<\/strong><\/p>\n<p><strong>.<\/strong><\/p>\n<p><strong>Notes de t\u00eate :<\/strong> Vanille, Notes fleuries<\/p>\n<p><strong>Notes de c\u0153ur :<\/strong> Vanille, Caramel<\/p>\n<p><strong>Notes de fond :<\/strong> Vanille, Musc, Notes bois\u00e9es<\/p>\n<p>Flacon vapo de 100 ml - conditionn\u00e9s sans gaz, ne t\u00e2che pas vos tissus d\u2019int\u00e9rieur.<\/p>\n<p>.<\/p>\n<p><span style=\"text-decoration: underline;\"><strong>Conseils d'utilisation<\/strong><\/span> :<\/p>\n<ul>\n<li>Vaporiser 2 \u00e0 3 fois autour de vous \u00a0et recommencer plus loin\u00a0en fonction de la taille de la pi\u00e8ce.<\/li>\n<li>Effet instantan\u00e9.<\/li>\n<li>Tenir hors de port\u00e9e des enfants.<\/li>\n<li>Tenir \u00e0 l\u2019\u00e9cart de la chaleur, des surfaces chaudes, des \u00e9tincelles,\u00a0des flammes nues et de toute autre source d\u2019inflammation.<\/li>\n<\/ul>\n","protected":false},"excerpt":{"rendered":"<p>Parfum <strong>d'int\u00e9rieur FLEUR DE COTON<\/strong><\/p>\n<p>Famille olfactive : <strong>FRAIS<\/strong> <strong><\/p>\n<p><\/strong>Flacon vapo de 100 ml<\/p>\n<p>Nos produits sont cr\u00e9\u00e9s \u00e0 Grasse, capitale mondiale des parfums.\u00a0<strong>100% Fran\u00e7ais\u00a0<img decoding=\"async\" class=\"emoji\" role=\"img\" draggable=\"false\" src=\"https:\/\/s.w.org\/images\/core\/emoji\/13.0.1\/svg\/1f1e8-1f1f5.svg\" alt=\"\ud83c\udde8\ud83c\uddf5\" \/><\/strong><\/p>\n<p>Ils sont \u00e9labor\u00e9s, fabriqu\u00e9s et conditionn\u00e9s \u00e0 la main, dans le respect de la tradition artisanale et selon les proc\u00e9d\u00e9s de fabrication des parfums.<\/p>\n","protected":false},"featured_media":5683,"comment_status":"open","ping_status":"closed","template":"","meta":{"_acf_changed":false},"product_brand":[],"product_cat":[181,182,267],"product_tag":[62,63,64,79,66,187,189,67,69,183,184,70,71],"class_list":{"0":"post-4001","1":"product","2":"type-product","3":"status-publish","4":"has-post-thumbnail","6":"product_cat-maison","7":"product_cat-parfums-ambiance","8":"product_cat-parfums-dinterieur","9":"product_tag-aroma-sun","10":"product_tag-club-parfum","11":"product_tag-dlp","12":"product_tag-exhalessence","13":"product_tag-femme","14":"product_tag-fleur-de-coton","15":"product_tag-fleurs-des-iles","16":"product_tag-fragrance","17":"product_tag-parfum","18":"product_tag-parfum-dambiance","19":"product_tag-parfum-dinterieur","20":"product_tag-parfums-generiques","21":"product_tag-richard-parfums","23":"first","24":"instock","25":"taxable","26":"shipping-taxable","27":"purchasable","28":"product-type-simple"},"acf":[],"_links":{"self":[{"href":"https:\/\/monparfum.net\/index.php\/wp-json\/wp\/v2\/product\/4001","targetHints":{"allow":["GET"]}}],"collection":[{"href":"https:\/\/monparfum.net\/index.php\/wp-json\/wp\/v2\/product"}],"about":[{"href":"https:\/\/monparfum.net\/index.php\/wp-json\/wp\/v2\/types\/product"}],"replies":[{"embeddable":true,"href":"https:\/\/monparfum.net\/index.php\/wp-json\/wp\/v2\/comments?post=4001"}],"wp:featuredmedia":[{"embeddable":true,"href":"https:\/\/monparfum.net\/index.php\/wp-json\/wp\/v2\/media\/5683"}],"wp:attachment":[{"href":"https:\/\/monparfum.net\/index.php\/wp-json\/wp\/v2\/media?parent=4001"}],"wp:term":[{"taxonomy":"product_brand","embeddable":true,"href":"https:\/\/monparfum.net\/index.php\/wp-json\/wp\/v2\/product_brand?post=4001"},{"taxonomy":"product_cat","embeddable":true,"href":"https:\/\/monparfum.net\/index.php\/wp-json\/wp\/v2\/product_cat?post=4001"},{"taxonomy":"product_tag","embeddable":true,"href":"https:\/\/monparfum.net\/index.php\/wp-json\/wp\/v2\/product_tag?post=4001"}],"curies":[{"name":"wp","href":"https:\/\/api.w.org\/{rel}","templated":true}]}}