{"id":3508,"date":"2024-12-31T09:53:22","date_gmt":"2024-12-31T09:53:22","guid":{"rendered":"https:\/\/monparfum.net\/?post_type=product&#038;p=3508"},"modified":"2026-03-04T08:25:53","modified_gmt":"2026-03-04T08:25:53","slug":"secret-dambiance-mimosa-100-ml","status":"publish","type":"product","link":"https:\/\/monparfum.net\/index.php\/produit\/secret-dambiance-mimosa-100-ml\/","title":{"rendered":"MIMOSA 100 ML"},"content":{"rendered":"<p>&nbsp;<\/p>\n<p>Flacon verre de 100 ml parfum d'int\u00e9rieur avec 10 b\u00e2tonnets en rotin + boules rotins jaunes dans un \u00e9l\u00e9gant coffret : objet d\u00e9co, objet cadeau !<\/p>\n<p>SECRET D'AMBIANCE <strong>MIMOSA\u00a0<\/strong><\/p>\n<p>&nbsp;<\/p>\n<p>\u2022 Haute concentration en parfum<\/p>\n<p>\u2022 10 b\u00e2tonnets en rotin (qualit\u00e9 d'absorption pour une diffusion efficace)<\/p>\n<p>&nbsp;<\/p>\n<p><strong>Notes de t\u00eate :<\/strong> Mimosa, Bergamote<\/p>\n<p><strong>Notes de c\u0153ur :<\/strong> H\u00e9liotrope, Violette<\/p>\n<p><strong>Notes de fond :<\/strong> Musc, Vanille<\/p>\n<p>&nbsp;<\/p>\n<p><span style=\"text-decoration: underline;\"><strong>Conseils d'utilisation<\/strong><\/span> :<\/p>\n<ul>\n<li>Lors de la 1\u00e8re utilisation, d\u00e9visser la bague en argent pour retirer le bouchon, revisser et plonger les b\u00e2tonnets dans la bouteille pleine.<\/li>\n<li>Laisser les b\u00e2tonnets s'imbiber pendant 30 \u00e0 60 minutes avant de les retourner.<\/li>\n<li>Puis retourner les b\u00e2tonnets tous les 2 \u00e0 3 jours pour une diffusion optimale.<\/li>\n<li>Ne placer pas ce produit pr\u00e8s d'une source de chaleur (radiateur, chemin\u00e9e...) pour \u00e9viter que le parfum ne s'\u00e9vapore trop vite.<\/li>\n<li>Pour une diffusion plus lente et plus douce, n'utiliser qu'une partie des b\u00e2tonnets pr\u00e9sents dans le coffret.<\/li>\n<\/ul>\n<p>&nbsp;<\/p>\n<p><strong>Dur\u00e9e de vie<\/strong> : environ 3 mois<\/p>\n<p>&nbsp;<\/p>\n<p>&nbsp;<\/p>\n","protected":false},"excerpt":{"rendered":"<p data-start=\"748\" data-end=\"860\"><span style=\"color: #99cc00;\"><em>Une floraison douce et lumineuse qui apporte fra\u00eecheur et s\u00e9r\u00e9nit\u00e9.<br data-start=\"592\" data-end=\"595\" \/>Un parfum \u00e9l\u00e9gant et enveloppant pour une ambiance chaleureuse et harmonieuse.<\/em><\/span><\/p>\n<p data-start=\"748\" data-end=\"860\">\n<p data-start=\"748\" data-end=\"860\">Parfumerie Artisanale Fran\u00e7aise \ud83c\uddeb\ud83c\uddf7<br data-start=\"809\" data-end=\"812\" \/>\u00c9labor\u00e9 \u00e0 Grasse, Directe Artisan Parfumeur<\/p>\n<p>&nbsp;<\/p>\n<p data-start=\"862\" data-end=\"889\"><strong>Description ci-dessous<\/strong>\u00a0\ud83d\udc47<\/p>\n<p data-start=\"862\" data-end=\"889\">\n","protected":false},"featured_media":9731,"comment_status":"open","ping_status":"closed","template":"","meta":{"_acf_changed":false},"product_brand":[],"product_cat":[181,267,205],"product_tag":[395,62,63,64,79,66,67,396,69,70,71],"class_list":{"0":"post-3508","1":"product","2":"type-product","3":"status-publish","4":"has-post-thumbnail","6":"product_cat-maison","7":"product_cat-parfums-dinterieur","8":"product_cat-secret-dambiance","9":"product_tag-adopt","10":"product_tag-aroma-sun","11":"product_tag-club-parfum","12":"product_tag-dlp","13":"product_tag-exhalessence","14":"product_tag-femme","15":"product_tag-fragrance","16":"product_tag-mimosa","17":"product_tag-parfum","18":"product_tag-parfums-generiques","19":"product_tag-richard-parfums","21":"first","22":"instock","23":"sold-individually","24":"taxable","25":"shipping-taxable","26":"purchasable","27":"product-type-simple"},"acf":[],"_links":{"self":[{"href":"https:\/\/monparfum.net\/index.php\/wp-json\/wp\/v2\/product\/3508","targetHints":{"allow":["GET"]}}],"collection":[{"href":"https:\/\/monparfum.net\/index.php\/wp-json\/wp\/v2\/product"}],"about":[{"href":"https:\/\/monparfum.net\/index.php\/wp-json\/wp\/v2\/types\/product"}],"replies":[{"embeddable":true,"href":"https:\/\/monparfum.net\/index.php\/wp-json\/wp\/v2\/comments?post=3508"}],"wp:featuredmedia":[{"embeddable":true,"href":"https:\/\/monparfum.net\/index.php\/wp-json\/wp\/v2\/media\/9731"}],"wp:attachment":[{"href":"https:\/\/monparfum.net\/index.php\/wp-json\/wp\/v2\/media?parent=3508"}],"wp:term":[{"taxonomy":"product_brand","embeddable":true,"href":"https:\/\/monparfum.net\/index.php\/wp-json\/wp\/v2\/product_brand?post=3508"},{"taxonomy":"product_cat","embeddable":true,"href":"https:\/\/monparfum.net\/index.php\/wp-json\/wp\/v2\/product_cat?post=3508"},{"taxonomy":"product_tag","embeddable":true,"href":"https:\/\/monparfum.net\/index.php\/wp-json\/wp\/v2\/product_tag?post=3508"}],"curies":[{"name":"wp","href":"https:\/\/api.w.org\/{rel}","templated":true}]}}