{"id":3070,"date":"2024-10-25T14:43:43","date_gmt":"2024-10-25T14:43:43","guid":{"rendered":"https:\/\/monparfum.net\/?post_type=product&#038;p=3070"},"modified":"2025-11-11T14:55:53","modified_gmt":"2025-11-11T14:55:53","slug":"extrait-de-parfum-nuit-mystique","status":"publish","type":"product","link":"https:\/\/monparfum.net\/index.php\/produit\/extrait-de-parfum-nuit-mystique\/","title":{"rendered":"Extrait de parfum<br>NUIT MYSTIQUE"},"content":{"rendered":"<p>&nbsp;<\/p>\n<p>Parfum de niche de grande qualit\u00e9<\/p>\n<p>Concentration Extrait de parfum<\/p>\n<p>&nbsp;<\/p>\n<p>Parfum <strong>Mixte<\/strong><\/p>\n<p>Famille olfactive :\u00a0<strong>BOISEE<\/strong>\u00a0-\u00a0facettes : <b>Chypre<\/b><\/p>\n<p>&nbsp;<\/p>\n<p><strong>Notes de t\u00eate<\/strong> : \u00a0 \u00a0Iris, Encens<\/p>\n<p><strong>Notes de coeur<\/strong> : Myrrhe<\/p>\n<p><strong>Notes de fond<\/strong> : \u00a0 Ambre, Musc<\/p>\n<p>&nbsp;<\/p>\n<p>Estagnon aluminium avec vaporisateur de 60 ml \u00e0 43,30\u20ac<\/p>\n<p>Flacon verre avec vaporisateur de 10 ml \u00e0 9,90\u20ac<\/p>\n<p>&nbsp;<\/p>\n<p>Concentration Extrait de Parfum<\/p>\n<p>R\u00e9f : 002 CP<\/p>\n<p>&nbsp;<\/p>\n<p>&nbsp;<\/p>\n","protected":false},"excerpt":{"rendered":"<p>&nbsp;<\/p>\n<p>Parfum de niche, mati\u00e8res encore plus nobles.<\/p>\n<p>&nbsp;<\/p>\n<p style=\"padding-left: 40px;\" data-start=\"603\" data-end=\"746\"><em><span style=\"color: #c7a824;\">Iris poudr\u00e9, encens doux, myrrhe velout\u00e9e\u2026<br data-start=\"388\" data-end=\"391\" \/>une caresse mystique, pure et enveloppante.<\/span><\/em><\/p>\n<p>&nbsp;<\/p>\n<p style=\"padding-left: 40px;\" data-start=\"748\" data-end=\"860\">Parfumerie Artisanale Fran\u00e7aise \ud83c\uddeb\ud83c\uddf7<br data-start=\"809\" data-end=\"812\" \/>\u00c9labor\u00e9 \u00e0 Grasse, Directe Artisan Parfumeur<\/p>\n<p>&nbsp;<\/p>\n<p style=\"padding-left: 40px;\" data-start=\"862\" data-end=\"889\"><strong>Description ci-dessous<\/strong> \ud83d\udc47<\/p>\n<p>&nbsp;<\/p>\n","protected":false},"featured_media":8981,"comment_status":"open","ping_status":"closed","template":"","meta":{"_acf_changed":false},"product_brand":[],"product_cat":[384,15],"product_tag":[72,387,377,63,301,64,65,67,117,69,380,70,71],"class_list":{"0":"post-3070","1":"product","2":"type-product","3":"status-publish","4":"has-post-thumbnail","6":"product_cat-collection-privee","7":"product_cat-parfums","8":"product_tag-aromasun","9":"product_tag-bois-dargent","10":"product_tag-chogan","11":"product_tag-club-parfum","12":"product_tag-dior","13":"product_tag-dlp","14":"product_tag-exalhessence","15":"product_tag-fragrance","16":"product_tag-homme","17":"product_tag-parfum","18":"product_tag-parfum-de-niche","19":"product_tag-parfums-generiques","20":"product_tag-richard-parfums","22":"first","23":"instock","24":"taxable","25":"shipping-taxable","26":"purchasable","27":"product-type-variable"},"acf":[],"_links":{"self":[{"href":"https:\/\/monparfum.net\/index.php\/wp-json\/wp\/v2\/product\/3070","targetHints":{"allow":["GET"]}}],"collection":[{"href":"https:\/\/monparfum.net\/index.php\/wp-json\/wp\/v2\/product"}],"about":[{"href":"https:\/\/monparfum.net\/index.php\/wp-json\/wp\/v2\/types\/product"}],"replies":[{"embeddable":true,"href":"https:\/\/monparfum.net\/index.php\/wp-json\/wp\/v2\/comments?post=3070"}],"wp:featuredmedia":[{"embeddable":true,"href":"https:\/\/monparfum.net\/index.php\/wp-json\/wp\/v2\/media\/8981"}],"wp:attachment":[{"href":"https:\/\/monparfum.net\/index.php\/wp-json\/wp\/v2\/media?parent=3070"}],"wp:term":[{"taxonomy":"product_brand","embeddable":true,"href":"https:\/\/monparfum.net\/index.php\/wp-json\/wp\/v2\/product_brand?post=3070"},{"taxonomy":"product_cat","embeddable":true,"href":"https:\/\/monparfum.net\/index.php\/wp-json\/wp\/v2\/product_cat?post=3070"},{"taxonomy":"product_tag","embeddable":true,"href":"https:\/\/monparfum.net\/index.php\/wp-json\/wp\/v2\/product_tag?post=3070"}],"curies":[{"name":"wp","href":"https:\/\/api.w.org\/{rel}","templated":true}]}}