{"id":2246,"date":"2024-05-16T09:28:00","date_gmt":"2024-05-16T09:28:00","guid":{"rendered":"https:\/\/monparfum.net\/?post_type=product&#038;p=2246"},"modified":"2025-11-12T15:31:53","modified_gmt":"2025-11-12T15:31:53","slug":"eau-de-parfum-encens-sauvage","status":"publish","type":"product","link":"https:\/\/monparfum.net\/index.php\/produit\/eau-de-parfum-encens-sauvage\/","title":{"rendered":"Eau de parfum<br>ENCENS SAUVAGE"},"content":{"rendered":"<p>Pour un homme \u00e0 la personnalit\u00e9 : Gentleman<\/p>\n<p>&nbsp;<\/p>\n<p>Parfum <strong>Masculin<\/strong><\/p>\n<p>Famille olfactive :\u00a0<strong>BOIS\u00c9<\/strong>\u00a0-\u00a0facettes : <b>orientale - Bois\u00e9e<\/b><\/p>\n<p>&nbsp;<\/p>\n<p><strong>Notes de t\u00eate<\/strong> : Pamplemousse, Poivre rose, Poivre noir<\/p>\n<p><strong>Notes de coeur<\/strong> : Encens, Vanille<\/p>\n<p><strong>Notes de fond<\/strong> : Santal, Pathouli<\/p>\n<p>.<\/p>\n<p>Estagnon en aluminium de 100 ml avec vaporisateur \u00e0 38,80\u20ac<\/p>\n<p>ou Flacon verre de 10 ml avec vaporisateur \u00e0 8,80\u20ac<\/p>\n<p>&nbsp;<\/p>\n<p>Concentration Eau de Parfum<\/p>\n<p>R\u00e9f : 195<\/p>\n<p>&nbsp;<\/p>\n<p>&nbsp;<\/p>\n","protected":false},"excerpt":{"rendered":"<p>&nbsp;<\/p>\n<p style=\"padding-left: 40px;\" data-start=\"603\" data-end=\"746\"><span style=\"color: #808080;\"><em>Poivre piquant, encens fum\u00e9, vanille cr\u00e9meuse\u2026<br data-start=\"1268\" data-end=\"1271\" \/>un contraste rock, chaud &amp; captivant.<\/em><\/span><\/p>\n<p>&nbsp;<\/p>\n<p style=\"padding-left: 40px;\" data-start=\"748\" data-end=\"860\">Parfumerie Artisanale Fran\u00e7aise \ud83c\uddeb\ud83c\uddf7<br data-start=\"809\" data-end=\"812\" \/>\u00c9labor\u00e9 \u00e0 Grasse, Directe Artisan Parfumeur<\/p>\n<p>&nbsp;<\/p>\n<p style=\"padding-left: 40px;\" data-start=\"862\" data-end=\"889\"><strong>Description ci-dessous<\/strong> \ud83d\udc47<\/p>\n<p data-start=\"862\" data-end=\"889\">\n","protected":false},"featured_media":8917,"comment_status":"open","ping_status":"closed","template":"","meta":{"_acf_changed":false},"product_brand":[],"product_cat":[45,43],"product_tag":[72,63,264,64,65,67,69,70,71],"class_list":{"0":"post-2246","1":"product","2":"type-product","3":"status-publish","4":"has-post-thumbnail","6":"product_cat-famille-boisee","7":"product_cat-parfums-homme","8":"product_tag-aromasun","9":"product_tag-club-parfum","10":"product_tag-dior-homme","11":"product_tag-dlp","12":"product_tag-exalhessence","13":"product_tag-fragrance","14":"product_tag-parfum","15":"product_tag-parfums-generiques","16":"product_tag-richard-parfums","18":"first","19":"instock","20":"taxable","21":"shipping-taxable","22":"purchasable","23":"product-type-variable"},"acf":[],"_links":{"self":[{"href":"https:\/\/monparfum.net\/index.php\/wp-json\/wp\/v2\/product\/2246","targetHints":{"allow":["GET"]}}],"collection":[{"href":"https:\/\/monparfum.net\/index.php\/wp-json\/wp\/v2\/product"}],"about":[{"href":"https:\/\/monparfum.net\/index.php\/wp-json\/wp\/v2\/types\/product"}],"replies":[{"embeddable":true,"href":"https:\/\/monparfum.net\/index.php\/wp-json\/wp\/v2\/comments?post=2246"}],"wp:featuredmedia":[{"embeddable":true,"href":"https:\/\/monparfum.net\/index.php\/wp-json\/wp\/v2\/media\/8917"}],"wp:attachment":[{"href":"https:\/\/monparfum.net\/index.php\/wp-json\/wp\/v2\/media?parent=2246"}],"wp:term":[{"taxonomy":"product_brand","embeddable":true,"href":"https:\/\/monparfum.net\/index.php\/wp-json\/wp\/v2\/product_brand?post=2246"},{"taxonomy":"product_cat","embeddable":true,"href":"https:\/\/monparfum.net\/index.php\/wp-json\/wp\/v2\/product_cat?post=2246"},{"taxonomy":"product_tag","embeddable":true,"href":"https:\/\/monparfum.net\/index.php\/wp-json\/wp\/v2\/product_tag?post=2246"}],"curies":[{"name":"wp","href":"https:\/\/api.w.org\/{rel}","templated":true}]}}