{"id":1966,"date":"2024-05-16T09:27:15","date_gmt":"2024-05-16T09:27:15","guid":{"rendered":"https:\/\/monparfum.net\/?post_type=product&#038;p=1966"},"modified":"2025-11-11T13:43:53","modified_gmt":"2025-11-11T13:43:53","slug":"eau-de-parfum-cassis-magnolia","status":"publish","type":"product","link":"https:\/\/monparfum.net\/index.php\/produit\/eau-de-parfum-cassis-magnolia\/","title":{"rendered":"Eau de parfum<br>CASSIS MAGNOLIA"},"content":{"rendered":"<p>Pour une femme \u00e0 la personnalit\u00e9 Rayonnante<\/p>\n<p>&nbsp;<\/p>\n<p>Parfum <strong>F\u00e9minin<\/strong><\/p>\n<p>Famille olfactive :\u00a0<strong>ORIENTAL<\/strong>\u00a0-\u00a0facettes : <strong>Fleuri<\/strong><\/p>\n<p>&nbsp;<\/p>\n<p><strong>Notes de t\u00eate<\/strong> : \u00a0 \u00a0amande, cassis<\/p>\n<p><strong>Notes de coeur<\/strong> : magnolia, tub\u00e9reuse, iris<\/p>\n<p><strong>Notes de fond<\/strong> : \u00a0 vanille, tonka, praline<\/p>\n<p>&nbsp;<\/p>\n<p>Estagnon en aluminium de 100 ml avec vaporisateur \u00e0 38,80\u20ac<\/p>\n<p>ou Flacon verre de 10 ml avec vaporisateur \u00e0 8,80\u20ac<\/p>\n<p>&nbsp;<\/p>\n<p>Concentration Eau de Parfum<\/p>\n<p>R\u00e9f : 174<\/p>\n<p>&nbsp;<\/p>\n<p>&nbsp;<\/p>\n","protected":false},"excerpt":{"rendered":"<p>&nbsp;<\/p>\n<p style=\"padding-left: 40px;\" data-start=\"603\" data-end=\"746\"><em><span style=\"color: #c7a824;\">Myst\u00e8re &amp; s\u00e9duction. Surtout\u2026 inoubliable.<\/span><\/em><\/p>\n<p>&nbsp;<\/p>\n<p style=\"padding-left: 40px;\" data-start=\"748\" data-end=\"860\">Parfumerie Artisanale Fran\u00e7aise \ud83c\uddeb\ud83c\uddf7<br data-start=\"809\" data-end=\"812\" \/>\u00c9labor\u00e9 \u00e0 Grasse, Directe Artisan Parfumeur<\/p>\n<p>&nbsp;<\/p>\n<p style=\"padding-left: 40px;\" data-start=\"862\" data-end=\"889\"><strong>Description ci-dessous<\/strong> \ud83d\udc47<\/p>\n<p>&nbsp;<\/p>\n","protected":false},"featured_media":8881,"comment_status":"open","ping_status":"closed","template":"","meta":{"_acf_changed":false},"product_brand":[],"product_cat":[42,36],"product_tag":[72,330,63,64,79,66,67,329,69,70,71],"class_list":{"0":"post-1966","1":"product","2":"type-product","3":"status-publish","4":"has-post-thumbnail","6":"product_cat-famille-orientale","7":"product_cat-parfums-femme","8":"product_tag-aromasun","9":"product_tag-carolina-herrera","10":"product_tag-club-parfum","11":"product_tag-dlp","12":"product_tag-exhalessence","13":"product_tag-femme","14":"product_tag-fragrance","15":"product_tag-good-girl","16":"product_tag-parfum","17":"product_tag-parfums-generiques","18":"product_tag-richard-parfums","20":"first","21":"instock","22":"taxable","23":"shipping-taxable","24":"purchasable","25":"product-type-variable","26":"has-default-attributes"},"acf":[],"_links":{"self":[{"href":"https:\/\/monparfum.net\/index.php\/wp-json\/wp\/v2\/product\/1966","targetHints":{"allow":["GET"]}}],"collection":[{"href":"https:\/\/monparfum.net\/index.php\/wp-json\/wp\/v2\/product"}],"about":[{"href":"https:\/\/monparfum.net\/index.php\/wp-json\/wp\/v2\/types\/product"}],"replies":[{"embeddable":true,"href":"https:\/\/monparfum.net\/index.php\/wp-json\/wp\/v2\/comments?post=1966"}],"wp:featuredmedia":[{"embeddable":true,"href":"https:\/\/monparfum.net\/index.php\/wp-json\/wp\/v2\/media\/8881"}],"wp:attachment":[{"href":"https:\/\/monparfum.net\/index.php\/wp-json\/wp\/v2\/media?parent=1966"}],"wp:term":[{"taxonomy":"product_brand","embeddable":true,"href":"https:\/\/monparfum.net\/index.php\/wp-json\/wp\/v2\/product_brand?post=1966"},{"taxonomy":"product_cat","embeddable":true,"href":"https:\/\/monparfum.net\/index.php\/wp-json\/wp\/v2\/product_cat?post=1966"},{"taxonomy":"product_tag","embeddable":true,"href":"https:\/\/monparfum.net\/index.php\/wp-json\/wp\/v2\/product_tag?post=1966"}],"curies":[{"name":"wp","href":"https:\/\/api.w.org\/{rel}","templated":true}]}}