{"id":1895,"date":"2024-05-16T09:27:02","date_gmt":"2024-05-16T09:27:02","guid":{"rendered":"https:\/\/monparfum.net\/?post_type=product&#038;p=1895"},"modified":"2025-11-12T17:06:06","modified_gmt":"2025-11-12T17:06:06","slug":"eau-de-parfum-ambre-bergamote","status":"publish","type":"product","link":"https:\/\/monparfum.net\/index.php\/produit\/eau-de-parfum-ambre-bergamote\/","title":{"rendered":"Eau de parfum<br>AMBRE BERGAMOTE"},"content":{"rendered":"<p>Pour un homme \u00e0 la personnalit\u00e9 Iconique<\/p>\n<p>&nbsp;<\/p>\n<p>Parfum <strong>Masculin<\/strong><\/p>\n<p>Famille olfactive :\u00a0<strong>ORIENTAL<\/strong>\u00a0-\u00a0facettes : <b>Hesp\u00e9rid\u00e9<\/b><\/p>\n<p>&nbsp;<\/p>\n<p><strong>Notes de t\u00eate<\/strong> : \u00a0 \u00a0bergamote, mandarine, orange<\/p>\n<p><strong>Notes de coeur<\/strong> : baies roses, patchouli<\/p>\n<p><strong>Notes de fond<\/strong> : \u00a0 ambre, c\u00e8dre, cuir, vanille<\/p>\n<p>&nbsp;<\/p>\n<p>Estagnon en aluminium avec vaporisateur de 100 ml \u00e0 38,80\u20ac<\/p>\n<p>Flacon verre avec vaporisateur de \u00a010 ml \u00e0 8,80\u20ac<\/p>\n<p>&nbsp;<\/p>\n<p>Concentration Eau de Parfum<\/p>\n<p>R\u00e9f : 34<\/p>\n<p>&nbsp;<\/p>\n<p>&nbsp;<\/p>\n","protected":false},"excerpt":{"rendered":"<p>&nbsp;<\/p>\n<p style=\"padding-left: 40px;\" data-start=\"603\" data-end=\"746\"><span style=\"color: #808080;\"><em>Bergamote fine, cuir noble, vanille chaude\u2026<br data-start=\"4082\" data-end=\"4085\" \/>un oriental noble, ultra-raffin\u00e9 &amp; signature.<\/em><\/span><\/p>\n<p>&nbsp;<\/p>\n<p style=\"padding-left: 40px;\" data-start=\"748\" data-end=\"860\">Parfumerie Artisanale Fran\u00e7aise \ud83c\uddeb\ud83c\uddf7<br data-start=\"809\" data-end=\"812\" \/>\u00c9labor\u00e9 \u00e0 Grasse, Directe Artisan Parfumeur<\/p>\n<p>&nbsp;<\/p>\n<p style=\"padding-left: 40px;\" data-start=\"862\" data-end=\"889\"><strong>Description ci-dessous<\/strong> \ud83d\udc47<\/p>\n<p data-start=\"862\" data-end=\"889\">\n","protected":false},"featured_media":8961,"comment_status":"open","ping_status":"closed","template":"","meta":{"_acf_changed":false},"product_brand":[],"product_cat":[48,43],"product_tag":[72,63,64,65,67,224,144,117,69,70,71],"class_list":{"0":"post-1895","1":"product","2":"type-product","3":"status-publish","4":"has-post-thumbnail","6":"product_cat-famille-orientale-parfums-homme","7":"product_cat-parfums-homme","8":"product_tag-aromasun","9":"product_tag-club-parfum","10":"product_tag-dlp","11":"product_tag-exalhessence","12":"product_tag-fragrance","13":"product_tag-guerlain","14":"product_tag-habit-rouge","15":"product_tag-homme","16":"product_tag-parfum","17":"product_tag-parfums-generiques","18":"product_tag-richard-parfums","20":"first","21":"instock","22":"taxable","23":"shipping-taxable","24":"purchasable","25":"product-type-variable"},"acf":[],"_links":{"self":[{"href":"https:\/\/monparfum.net\/index.php\/wp-json\/wp\/v2\/product\/1895","targetHints":{"allow":["GET"]}}],"collection":[{"href":"https:\/\/monparfum.net\/index.php\/wp-json\/wp\/v2\/product"}],"about":[{"href":"https:\/\/monparfum.net\/index.php\/wp-json\/wp\/v2\/types\/product"}],"replies":[{"embeddable":true,"href":"https:\/\/monparfum.net\/index.php\/wp-json\/wp\/v2\/comments?post=1895"}],"wp:featuredmedia":[{"embeddable":true,"href":"https:\/\/monparfum.net\/index.php\/wp-json\/wp\/v2\/media\/8961"}],"wp:attachment":[{"href":"https:\/\/monparfum.net\/index.php\/wp-json\/wp\/v2\/media?parent=1895"}],"wp:term":[{"taxonomy":"product_brand","embeddable":true,"href":"https:\/\/monparfum.net\/index.php\/wp-json\/wp\/v2\/product_brand?post=1895"},{"taxonomy":"product_cat","embeddable":true,"href":"https:\/\/monparfum.net\/index.php\/wp-json\/wp\/v2\/product_cat?post=1895"},{"taxonomy":"product_tag","embeddable":true,"href":"https:\/\/monparfum.net\/index.php\/wp-json\/wp\/v2\/product_tag?post=1895"}],"curies":[{"name":"wp","href":"https:\/\/api.w.org\/{rel}","templated":true}]}}