{"id":1887,"date":"2024-05-16T09:26:57","date_gmt":"2024-05-16T09:26:57","guid":{"rendered":"https:\/\/monparfum.net\/?post_type=product&#038;p=1887"},"modified":"2025-11-12T17:07:56","modified_gmt":"2025-11-12T17:07:56","slug":"eau-de-parfum-pomme-cacao","status":"publish","type":"product","link":"https:\/\/monparfum.net\/index.php\/produit\/eau-de-parfum-pomme-cacao\/","title":{"rendered":"Eau de parfum<br>POMME CACAO"},"content":{"rendered":"<p>Pour un homme \u00e0 la personnalit\u00e9 Epicurien<\/p>\n<p>&nbsp;<\/p>\n<p>Parfum <strong>Masculin<\/strong><\/p>\n<p>Famille olfactive :\u00a0<strong>ORIENTAL<\/strong>\u00a0-\u00a0facettes : <b>Fruit\u00e9 - Gourmand<\/b><\/p>\n<p>&nbsp;<\/p>\n<p><strong>Notes de t\u00eate<\/strong> : \u00a0 \u00a0baies roses<\/p>\n<p><strong>Notes de coeur<\/strong> : pomme<\/p>\n<p><strong>Notes de fond<\/strong> : \u00a0 cacao, c\u00e8dre, patchouli, musc blanc, tabac, vanille<\/p>\n<p>&nbsp;<\/p>\n<p>Estagnon en aluminium avec vaporisateur de 100 ml \u00e0 38,80\u20ac<\/p>\n<p>Flacon verre avec vaporisateur de 10 ml \u00e0 8,80\u20ac<\/p>\n<p>&nbsp;<\/p>\n<p>Concentration Eau de Parfum<\/p>\n<p>R\u00e9f : 125<\/p>\n<p>&nbsp;<\/p>\n<p>&nbsp;<\/p>\n","protected":false},"excerpt":{"rendered":"<p>&nbsp;<\/p>\n<p style=\"padding-left: 40px;\" data-start=\"603\" data-end=\"746\"><span style=\"color: #808080;\"><em>Pomme gourmande, cacao tendre, bois chaud\u2026<br data-start=\"4332\" data-end=\"4335\" \/>un contraste doux, moderne &amp; attachant.<\/em><\/span><\/p>\n<p>&nbsp;<\/p>\n<p style=\"padding-left: 40px;\" data-start=\"748\" data-end=\"860\">Parfumerie Artisanale Fran\u00e7aise \ud83c\uddeb\ud83c\uddf7<br data-start=\"809\" data-end=\"812\" \/>\u00c9labor\u00e9 \u00e0 Grasse, Directe Artisan Parfumeur<\/p>\n<p>&nbsp;<\/p>\n<p style=\"padding-left: 40px;\" data-start=\"862\" data-end=\"889\"><strong>Description ci-dessous<\/strong> \ud83d\udc47<\/p>\n<p data-start=\"862\" data-end=\"889\">\n","protected":false},"featured_media":8959,"comment_status":"open","ping_status":"closed","template":"","meta":{"_acf_changed":false},"product_brand":[],"product_cat":[48,43],"product_tag":[72,63,211,64,65,67,117,363,69,70,71],"class_list":{"0":"post-1887","1":"product","2":"type-product","3":"status-publish","4":"has-post-thumbnail","6":"product_cat-famille-orientale-parfums-homme","7":"product_cat-parfums-homme","8":"product_tag-aromasun","9":"product_tag-club-parfum","10":"product_tag-diesel","11":"product_tag-dlp","12":"product_tag-exalhessence","13":"product_tag-fragrance","14":"product_tag-homme","15":"product_tag-only-the-brave","16":"product_tag-parfum","17":"product_tag-parfums-generiques","18":"product_tag-richard-parfums","20":"first","21":"instock","22":"taxable","23":"shipping-taxable","24":"purchasable","25":"product-type-variable"},"acf":[],"_links":{"self":[{"href":"https:\/\/monparfum.net\/index.php\/wp-json\/wp\/v2\/product\/1887","targetHints":{"allow":["GET"]}}],"collection":[{"href":"https:\/\/monparfum.net\/index.php\/wp-json\/wp\/v2\/product"}],"about":[{"href":"https:\/\/monparfum.net\/index.php\/wp-json\/wp\/v2\/types\/product"}],"replies":[{"embeddable":true,"href":"https:\/\/monparfum.net\/index.php\/wp-json\/wp\/v2\/comments?post=1887"}],"wp:featuredmedia":[{"embeddable":true,"href":"https:\/\/monparfum.net\/index.php\/wp-json\/wp\/v2\/media\/8959"}],"wp:attachment":[{"href":"https:\/\/monparfum.net\/index.php\/wp-json\/wp\/v2\/media?parent=1887"}],"wp:term":[{"taxonomy":"product_brand","embeddable":true,"href":"https:\/\/monparfum.net\/index.php\/wp-json\/wp\/v2\/product_brand?post=1887"},{"taxonomy":"product_cat","embeddable":true,"href":"https:\/\/monparfum.net\/index.php\/wp-json\/wp\/v2\/product_cat?post=1887"},{"taxonomy":"product_tag","embeddable":true,"href":"https:\/\/monparfum.net\/index.php\/wp-json\/wp\/v2\/product_tag?post=1887"}],"curies":[{"name":"wp","href":"https:\/\/api.w.org\/{rel}","templated":true}]}}