{"id":1885,"date":"2024-05-16T09:26:57","date_gmt":"2024-05-16T09:26:57","guid":{"rendered":"https:\/\/monparfum.net\/?post_type=product&#038;p=1885"},"modified":"2025-11-11T15:54:50","modified_gmt":"2025-11-11T15:54:50","slug":"eau-de-parfum-citron-patchouli","status":"publish","type":"product","link":"https:\/\/monparfum.net\/index.php\/produit\/eau-de-parfum-citron-patchouli\/","title":{"rendered":"Eau de parfum<br>CITRON PATCHOULI"},"content":{"rendered":"<div>\n<div><\/div>\n<div>\n<p>Pour un homme \u00e0 la personnalit\u00e9 Geek cr\u00e9atif<\/p>\n<p>&nbsp;<\/p>\n<\/div>\n<\/div>\n<p>Parfum <strong>Masculin<\/strong><\/p>\n<p>Famille olfactive :\u00a0<strong>AROMATIQUE<\/strong>\u00a0-\u00a0facettes : <strong>Bois\u00e9 - Hesp\u00e9rid\u00e9 - Nouvelle fra\u00eecheur<\/strong><\/p>\n<p>&nbsp;<\/p>\n<p><strong>Notes de t\u00eate<\/strong> : \u00a0 \u00a0citron, orange, pamplemousse<\/p>\n<p><strong>Notes de coeur<\/strong> : gingembre, jasmin<\/p>\n<p><strong>Notes de fond<\/strong> : \u00a0 c\u00e8dre, encens, patchouli<\/p>\n<p>&nbsp;<\/p>\n<p>Estagnon en aluminium de 100 ml avec vaporisateur \u00e0 38,80\u20ac<\/p>\n<p>ou Flacon verre de 10 ml avec vaporisateur \u00e0 8,80\u20ac<\/p>\n<p>&nbsp;<\/p>\n<p>Concentration Eau de Parfum<\/p>\n<p>R\u00e9f : 120<\/p>\n<p>&nbsp;<\/p>\n<p>&nbsp;<\/p>\n","protected":false},"excerpt":{"rendered":"<p>&nbsp;<\/p>\n<p style=\"padding-left: 40px;\" data-start=\"603\" data-end=\"746\"><span style=\"color: #808080;\"><em>Agrumes frais, gingembre vibrant, bois nobles\u2026<br data-start=\"346\" data-end=\"349\" \/>une fra\u00eecheur profonde, magn\u00e9tique &amp; ma\u00eetris\u00e9e.<\/em><\/span><\/p>\n<p>&nbsp;<\/p>\n<p style=\"padding-left: 40px;\" data-start=\"748\" data-end=\"860\">Parfumerie Artisanale Fran\u00e7aise \ud83c\uddeb\ud83c\uddf7<br data-start=\"809\" data-end=\"812\" \/>\u00c9labor\u00e9 \u00e0 Grasse, Directe Artisan Parfumeur<\/p>\n<p>&nbsp;<\/p>\n<p style=\"padding-left: 40px;\" data-start=\"862\" data-end=\"889\"><strong>Description ci-dessous<\/strong> \ud83d\udc47<\/p>\n<p data-start=\"862\" data-end=\"889\">\n","protected":false},"featured_media":9183,"comment_status":"open","ping_status":"closed","template":"","meta":{"_acf_changed":false},"product_brand":[],"product_cat":[44,43],"product_tag":[72,125,319,63,64,65,67,117,69,70,71],"class_list":{"0":"post-1885","1":"product","2":"type-product","3":"status-publish","4":"has-post-thumbnail","6":"product_cat-famille-aromatique","7":"product_cat-parfums-homme","8":"product_tag-aromasun","9":"product_tag-bleu","10":"product_tag-chanel","11":"product_tag-club-parfum","12":"product_tag-dlp","13":"product_tag-exalhessence","14":"product_tag-fragrance","15":"product_tag-homme","16":"product_tag-parfum","17":"product_tag-parfums-generiques","18":"product_tag-richard-parfums","20":"first","21":"instock","22":"taxable","23":"shipping-taxable","24":"purchasable","25":"product-type-variable"},"acf":[],"_links":{"self":[{"href":"https:\/\/monparfum.net\/index.php\/wp-json\/wp\/v2\/product\/1885","targetHints":{"allow":["GET"]}}],"collection":[{"href":"https:\/\/monparfum.net\/index.php\/wp-json\/wp\/v2\/product"}],"about":[{"href":"https:\/\/monparfum.net\/index.php\/wp-json\/wp\/v2\/types\/product"}],"replies":[{"embeddable":true,"href":"https:\/\/monparfum.net\/index.php\/wp-json\/wp\/v2\/comments?post=1885"}],"wp:featuredmedia":[{"embeddable":true,"href":"https:\/\/monparfum.net\/index.php\/wp-json\/wp\/v2\/media\/9183"}],"wp:attachment":[{"href":"https:\/\/monparfum.net\/index.php\/wp-json\/wp\/v2\/media?parent=1885"}],"wp:term":[{"taxonomy":"product_brand","embeddable":true,"href":"https:\/\/monparfum.net\/index.php\/wp-json\/wp\/v2\/product_brand?post=1885"},{"taxonomy":"product_cat","embeddable":true,"href":"https:\/\/monparfum.net\/index.php\/wp-json\/wp\/v2\/product_cat?post=1885"},{"taxonomy":"product_tag","embeddable":true,"href":"https:\/\/monparfum.net\/index.php\/wp-json\/wp\/v2\/product_tag?post=1885"}],"curies":[{"name":"wp","href":"https:\/\/api.w.org\/{rel}","templated":true}]}}