{"id":1884,"date":"2024-05-16T09:26:57","date_gmt":"2024-05-16T09:26:57","guid":{"rendered":"https:\/\/monparfum.net\/?post_type=product&#038;p=1884"},"modified":"2025-11-11T15:59:53","modified_gmt":"2025-11-11T15:59:53","slug":"eau-de-parfum-ambre-marine","status":"publish","type":"product","link":"https:\/\/monparfum.net\/index.php\/produit\/eau-de-parfum-ambre-marine\/","title":{"rendered":"Eau de parfum<br>AMBRE MARINE"},"content":{"rendered":"<p>Pour un homme \u00e0 la personnalit\u00e9 Sportive<\/p>\n<p>&nbsp;<\/p>\n<p>Parfum <strong>Masculin<\/strong><\/p>\n<p>Famille olfactive :\u00a0<strong>BOISE<\/strong>\u00a0-\u00a0facettes : <strong>Aromatique - Marine<\/strong><\/p>\n<p>&nbsp;<\/p>\n<p><strong>Notes de t\u00eate<\/strong> : \u00a0 \u00a0bergamote, pamplemousse, laurier<\/p>\n<p><strong>Notes de coeur<\/strong> : note verte, notre marine<\/p>\n<p><strong>Notes de fond<\/strong> : \u00a0 patchouli, bois ambr\u00e9s, f\u00e8ve tonka, ambre<\/p>\n<p>&nbsp;<\/p>\n<p>Estagnon en aluminium de 100 ml avec vaporisateur \u00e0 38,80\u20ac<\/p>\n<p>ou Flacon verre de 10 ml avec vaporisateur \u00e0 8,80\u20ac<\/p>\n<p>&nbsp;<\/p>\n<p>Concentration Eau de Parfum<\/p>\n<p>R\u00e9f : 128<\/p>\n<p>&nbsp;<\/p>\n<p>&nbsp;<\/p>\n","protected":false},"excerpt":{"rendered":"<p>&nbsp;<\/p>\n<p style=\"padding-left: 40px;\" data-start=\"603\" data-end=\"746\"><span style=\"color: #808080;\"><em>Pamplemousse \u00e9clatant, notes marines &amp; ambre chaud\u2026<br data-start=\"615\" data-end=\"618\" \/>une vague fra\u00eeche, sportive &amp; victorieuse.<\/em><\/span><\/p>\n<p>&nbsp;<\/p>\n<p style=\"padding-left: 40px;\" data-start=\"748\" data-end=\"860\">Parfumerie Artisanale Fran\u00e7aise \ud83c\uddeb\ud83c\uddf7<br data-start=\"809\" data-end=\"812\" \/>\u00c9labor\u00e9 \u00e0 Grasse, Directe Artisan Parfumeur<\/p>\n<p>&nbsp;<\/p>\n<p style=\"padding-left: 40px;\" data-start=\"862\" data-end=\"889\"><strong>Description ci-dessous<\/strong> \ud83d\udc47<\/p>\n<p data-start=\"862\" data-end=\"889\">\n","protected":false},"featured_media":8922,"comment_status":"open","ping_status":"closed","template":"","meta":{"_acf_changed":false},"product_brand":[],"product_cat":[45,43],"product_tag":[72,63,64,65,67,117,124,157,69,70,71],"class_list":{"0":"post-1884","1":"product","2":"type-product","3":"status-publish","4":"has-post-thumbnail","6":"product_cat-famille-boisee","7":"product_cat-parfums-homme","8":"product_tag-aromasun","9":"product_tag-club-parfum","10":"product_tag-dlp","11":"product_tag-exalhessence","12":"product_tag-fragrance","13":"product_tag-homme","14":"product_tag-invictus","15":"product_tag-paco-rabanne","16":"product_tag-parfum","17":"product_tag-parfums-generiques","18":"product_tag-richard-parfums","20":"first","21":"instock","22":"taxable","23":"shipping-taxable","24":"purchasable","25":"product-type-variable"},"acf":[],"_links":{"self":[{"href":"https:\/\/monparfum.net\/index.php\/wp-json\/wp\/v2\/product\/1884","targetHints":{"allow":["GET"]}}],"collection":[{"href":"https:\/\/monparfum.net\/index.php\/wp-json\/wp\/v2\/product"}],"about":[{"href":"https:\/\/monparfum.net\/index.php\/wp-json\/wp\/v2\/types\/product"}],"replies":[{"embeddable":true,"href":"https:\/\/monparfum.net\/index.php\/wp-json\/wp\/v2\/comments?post=1884"}],"wp:featuredmedia":[{"embeddable":true,"href":"https:\/\/monparfum.net\/index.php\/wp-json\/wp\/v2\/media\/8922"}],"wp:attachment":[{"href":"https:\/\/monparfum.net\/index.php\/wp-json\/wp\/v2\/media?parent=1884"}],"wp:term":[{"taxonomy":"product_brand","embeddable":true,"href":"https:\/\/monparfum.net\/index.php\/wp-json\/wp\/v2\/product_brand?post=1884"},{"taxonomy":"product_cat","embeddable":true,"href":"https:\/\/monparfum.net\/index.php\/wp-json\/wp\/v2\/product_cat?post=1884"},{"taxonomy":"product_tag","embeddable":true,"href":"https:\/\/monparfum.net\/index.php\/wp-json\/wp\/v2\/product_tag?post=1884"}],"curies":[{"name":"wp","href":"https:\/\/api.w.org\/{rel}","templated":true}]}}