{"id":1859,"date":"2024-05-16T09:26:52","date_gmt":"2024-05-16T09:26:52","guid":{"rendered":"https:\/\/monparfum.net\/?post_type=product&#038;p=1859"},"modified":"2025-11-11T12:55:58","modified_gmt":"2025-11-11T12:55:58","slug":"eau-de-parfum-ambre-bigarade","status":"publish","type":"product","link":"https:\/\/monparfum.net\/index.php\/produit\/eau-de-parfum-ambre-bigarade\/","title":{"rendered":"Eau de parfum<br>AMBRE BIGARADE"},"content":{"rendered":"<p>Pour une femme \u00e0 la personnalit\u00e9 Rayonnante<\/p>\n<p>&nbsp;<\/p>\n<p>Parfum <strong>F\u00e9minin<\/strong><\/p>\n<p>Famille olfactive :\u00a0<strong>HESPERIDE<\/strong>\u00a0-\u00a0facettes :\u00a0<strong>Bois\u00e9 - Epic\u00e9<\/strong><\/p>\n<p>&nbsp;<\/p>\n<p><strong>Notes de t\u00eate<\/strong> : \u00a0 \u00a0bergamote, bigarade, citron<\/p>\n<p><strong>Notes de coeur<\/strong> : c\u00e8dre, Elemi, H\u00e9dione, V\u00e9tiver<\/p>\n<p><strong>Notes de fond<\/strong> : \u00a0 ambre gris, baume du P\u00e9rou, Benjoin<\/p>\n<p>&nbsp;<\/p>\n<p>Estagnon en aluminium de 100 ml avec vaporisateur \u00e0 38,80\u20ac<\/p>\n<p>ou Flacon verre de 10 ml avec vaporisateur \u00e0 8,80\u20ac<\/p>\n<p>&nbsp;<\/p>\n<p>Concentration Eau de Parfum<\/p>\n<p>R\u00e9f : 130<\/p>\n<p>&nbsp;<\/p>\n<p>&nbsp;<\/p>\n","protected":false},"excerpt":{"rendered":"<p>&nbsp;<\/p>\n<p style=\"padding-left: 40px;\" data-start=\"603\" data-end=\"746\"><em><span style=\"color: #c7a824;\">Chaud, \u00e9pic\u00e9, ambr\u00e9 &amp; po\u00e9tique. Une \u00e9tincelle raffin\u00e9e sur votre peau.<\/span><\/em><\/p>\n<p>&nbsp;<\/p>\n<p style=\"padding-left: 40px;\" data-start=\"748\" data-end=\"860\">Parfumerie Artisanale Fran\u00e7aise \ud83c\uddeb\ud83c\uddf7<br data-start=\"809\" data-end=\"812\" \/>\u00c9labor\u00e9 \u00e0 Grasse, Directe Artisan Parfumeur<\/p>\n<p>&nbsp;<\/p>\n<p style=\"padding-left: 40px;\" data-start=\"862\" data-end=\"889\"><strong>Description ci-dessous<\/strong> \ud83d\udc47<\/p>\n<p>&nbsp;<\/p>\n","protected":false},"featured_media":8871,"comment_status":"open","ping_status":"closed","template":"","meta":{"_acf_changed":false},"product_brand":[],"product_cat":[41,36],"product_tag":[72,63,64,98,79,66,67,314,99,69,70,71],"class_list":{"0":"post-1859","1":"product","2":"type-product","3":"status-publish","4":"has-post-thumbnail","6":"product_cat-famille-hesperide","7":"product_cat-parfums-femme","8":"product_tag-aromasun","9":"product_tag-club-parfum","10":"product_tag-dlp","11":"product_tag-eaux-des-merveilles","12":"product_tag-exhalessence","13":"product_tag-femme","14":"product_tag-fragrance","15":"product_tag-hermes","16":"product_tag-leau-des-merveilles","17":"product_tag-parfum","18":"product_tag-parfums-generiques","19":"product_tag-richard-parfums","21":"first","22":"instock","23":"taxable","24":"shipping-taxable","25":"purchasable","26":"product-type-variable"},"acf":[],"_links":{"self":[{"href":"https:\/\/monparfum.net\/index.php\/wp-json\/wp\/v2\/product\/1859","targetHints":{"allow":["GET"]}}],"collection":[{"href":"https:\/\/monparfum.net\/index.php\/wp-json\/wp\/v2\/product"}],"about":[{"href":"https:\/\/monparfum.net\/index.php\/wp-json\/wp\/v2\/types\/product"}],"replies":[{"embeddable":true,"href":"https:\/\/monparfum.net\/index.php\/wp-json\/wp\/v2\/comments?post=1859"}],"wp:featuredmedia":[{"embeddable":true,"href":"https:\/\/monparfum.net\/index.php\/wp-json\/wp\/v2\/media\/8871"}],"wp:attachment":[{"href":"https:\/\/monparfum.net\/index.php\/wp-json\/wp\/v2\/media?parent=1859"}],"wp:term":[{"taxonomy":"product_brand","embeddable":true,"href":"https:\/\/monparfum.net\/index.php\/wp-json\/wp\/v2\/product_brand?post=1859"},{"taxonomy":"product_cat","embeddable":true,"href":"https:\/\/monparfum.net\/index.php\/wp-json\/wp\/v2\/product_cat?post=1859"},{"taxonomy":"product_tag","embeddable":true,"href":"https:\/\/monparfum.net\/index.php\/wp-json\/wp\/v2\/product_tag?post=1859"}],"curies":[{"name":"wp","href":"https:\/\/api.w.org\/{rel}","templated":true}]}}