{"id":1837,"date":"2024-05-16T09:26:51","date_gmt":"2024-05-16T09:26:51","guid":{"rendered":"https:\/\/monparfum.net\/?post_type=product&#038;p=1837"},"modified":"2025-11-11T18:06:01","modified_gmt":"2025-11-11T18:06:01","slug":"eau-de-parfum-musc-ananas","status":"publish","type":"product","link":"https:\/\/monparfum.net\/index.php\/produit\/eau-de-parfum-musc-ananas\/","title":{"rendered":"Eau de parfum<br>MUSC ANANAS"},"content":{"rendered":"<p>Pour un homme \u00e0 la personnalit\u00e9 Minimaliste<br \/>\nPour une femme \u00e0 la personnalit\u00e9 Sportive<\/p>\n<p>&nbsp;<\/p>\n<p>Parfum mixte : \u00a0<strong>F\u00e9minin &amp; Masculin<\/strong><\/p>\n<p>Famille olfactive :\u00a0<strong>HESPERIDE<\/strong>\u00a0-\u00a0facettes :\u00a0<strong>Musqu\u00e9 - Nouvelle fra\u00eecheur<\/strong><\/p>\n<p>&nbsp;<\/p>\n<p><strong>Notes de t\u00eate<\/strong> : \u00a0 \u00a0bergamote, cardamome, citron, Dihydromyrc\u00e9nol, th\u00e9<\/p>\n<p><strong>Notes de coeur<\/strong> : ananas, h\u00e9dione<\/p>\n<p><strong>Notes de fond<\/strong> : \u00a0 c\u00e8dre, musc blanc, santal<\/p>\n<p>&nbsp;<\/p>\n<p>Estagnon en aluminium de 100 ml avec vaporisateur \u00e0 38,80\u20ac<\/p>\n<p>ou Flacon verre de 10 ml avec vaporisateur \u00e0 8,80\u20ac<\/p>\n<p>&nbsp;<\/p>\n<p>Concentration Eau de Parfum<\/p>\n<p>R\u00e9f : 20<\/p>\n<p>&nbsp;<\/p>\n<p>&nbsp;<\/p>\n","protected":false},"excerpt":{"rendered":"<p>&nbsp;<\/p>\n<p style=\"padding-left: 40px;\" data-start=\"603\" data-end=\"746\"><span style=\"color: #808080;\"><em>Bergamote fra\u00eeche, ananas doux, musc propre\u2026<br data-start=\"2760\" data-end=\"2763\" \/>un esprit libre, l\u00e9ger &amp; universel.<\/em><\/span><\/p>\n<p>&nbsp;<\/p>\n<p style=\"padding-left: 40px;\" data-start=\"748\" data-end=\"860\">Parfumerie Artisanale Fran\u00e7aise \ud83c\uddeb\ud83c\uddf7<br data-start=\"809\" data-end=\"812\" \/>\u00c9labor\u00e9 \u00e0 Grasse, Directe Artisan Parfumeur<\/p>\n<p>&nbsp;<\/p>\n<p style=\"padding-left: 40px;\" data-start=\"862\" data-end=\"889\"><strong>Description ci-dessous<\/strong> \ud83d\udc47<\/p>\n<p data-start=\"862\" data-end=\"889\">\n","protected":false},"featured_media":8939,"comment_status":"open","ping_status":"closed","template":"","meta":{"_acf_changed":false},"product_brand":[],"product_cat":[47,41,36,43],"product_tag":[72,356,355,63,64,79,66,67,69,70,71],"class_list":{"0":"post-1837","1":"product","2":"type-product","3":"status-publish","4":"has-post-thumbnail","6":"product_cat-famille-hesperide-parfums-homme","7":"product_cat-famille-hesperide","8":"product_cat-parfums-femme","9":"product_cat-parfums-homme","10":"product_tag-aromasun","11":"product_tag-calvin-klein","12":"product_tag-ck-one","13":"product_tag-club-parfum","14":"product_tag-dlp","15":"product_tag-exhalessence","16":"product_tag-femme","17":"product_tag-fragrance","18":"product_tag-parfum","19":"product_tag-parfums-generiques","20":"product_tag-richard-parfums","22":"first","23":"instock","24":"taxable","25":"shipping-taxable","26":"purchasable","27":"product-type-variable"},"acf":[],"_links":{"self":[{"href":"https:\/\/monparfum.net\/index.php\/wp-json\/wp\/v2\/product\/1837","targetHints":{"allow":["GET"]}}],"collection":[{"href":"https:\/\/monparfum.net\/index.php\/wp-json\/wp\/v2\/product"}],"about":[{"href":"https:\/\/monparfum.net\/index.php\/wp-json\/wp\/v2\/types\/product"}],"replies":[{"embeddable":true,"href":"https:\/\/monparfum.net\/index.php\/wp-json\/wp\/v2\/comments?post=1837"}],"wp:featuredmedia":[{"embeddable":true,"href":"https:\/\/monparfum.net\/index.php\/wp-json\/wp\/v2\/media\/8939"}],"wp:attachment":[{"href":"https:\/\/monparfum.net\/index.php\/wp-json\/wp\/v2\/media?parent=1837"}],"wp:term":[{"taxonomy":"product_brand","embeddable":true,"href":"https:\/\/monparfum.net\/index.php\/wp-json\/wp\/v2\/product_brand?post=1837"},{"taxonomy":"product_cat","embeddable":true,"href":"https:\/\/monparfum.net\/index.php\/wp-json\/wp\/v2\/product_cat?post=1837"},{"taxonomy":"product_tag","embeddable":true,"href":"https:\/\/monparfum.net\/index.php\/wp-json\/wp\/v2\/product_tag?post=1837"}],"curies":[{"name":"wp","href":"https:\/\/api.w.org\/{rel}","templated":true}]}}