{"id":10504,"date":"2026-05-12T13:47:04","date_gmt":"2026-05-12T13:47:04","guid":{"rendered":"https:\/\/monparfum.net\/?post_type=product&#038;p=10504"},"modified":"2026-05-12T15:50:13","modified_gmt":"2026-05-12T15:50:13","slug":"duo-fleur-de-tiarehuile-satin-doreehuile-de-massage","status":"publish","type":"product","link":"https:\/\/monparfum.net\/index.php\/produit\/duo-fleur-de-tiarehuile-satin-doreehuile-de-massage\/","title":{"rendered":"Duo FLEUR DE TIARE<br>Huile satin dor\u00e9e<br>Huile de Massage"},"content":{"rendered":"<p>&nbsp;<\/p>\n<p>L\u2019Huile Satin Dor\u00e9e se vaporise sur votre corps pour laisser un effet hal\u00e9 gr\u00e2ce aux minuscules paillettes qui viendront prendre la lumi\u00e8re et sublimer votre bronzage.<\/p>\n<p>Profitez toute l'ann\u00e9e de cette senteur Mono\u00ef coco qui vous emporte dans vos souvenirs de vacances...<\/p>\n<p>&nbsp;<\/p>\n<p>&nbsp;<\/p>\n<p><strong>Note de t\u00eate :<\/strong> Frangipanier, Fleurs d'Oranger<\/p>\n<p><strong>Notes de c\u0153ur :<\/strong> Tiar\u00e9, Mono\u00ef, Jasmin<\/p>\n<p><strong>Notes de fond :<\/strong> Musc, Vanille<\/p>\n<p>&nbsp;<\/p>\n<p>2 Flacons vapo de 50 ml chacun<\/p>\n<p>&nbsp;<\/p>\n<p>Les Huiles Satins, enrichies en huiles v\u00e9g\u00e9tales,\u00a0parfument et satinent la peau. Leur utilisation\u00a0est id\u00e9ale apr\u00e8s une exposition au soleil.<\/p>\n<ul>\n<li>L\u2019huile de noyaux d\u2019abricots apporte un coup\u00a0d\u2019\u00e9clat \u00e0 votre peau et assouplit les peaux les\u00a0plus s\u00e8ches.<\/li>\n<li>L\u2019huile de noisette a une action r\u00e9paratrice et cicatrisante.<\/li>\n<li>L\u2019huile de carotte nourrit et prot\u00e8ge votre \u00e9piderme du soleil. Elle est \u00e9galement votre alli\u00e9e\u00a0pour prolonger naturellement votre bronzage.<\/li>\n<li>L\u2019huile de tournesol, adoucissante et nourissante, pr\u00e9vient la d\u00e9shydratation de la peau.<\/li>\n<\/ul>\n<p>Non grasse, elle p\u00e9n\u00e8tre instantan\u00e9ment et ne laisse aucune trace sur la peau.<\/p>\n<p>&nbsp;<\/p>\n<p><strong>Attention<\/strong> : Ne prot\u00e8ge pas du soleil.<\/p>\n<p>&nbsp;<\/p>\n<p><span style=\"text-decoration: underline;\"><strong>P\u00e9riode apr\u00e8s ouverture<\/strong><\/span> : 16 mois<\/p>\n<p>&nbsp;<\/p>\n<p>&nbsp;<\/p>\n","protected":false},"excerpt":{"rendered":"<p data-start=\"748\" data-end=\"860\"><span style=\"color: #f7b572;\"><em>Un duo d'huiles pr\u00e9cieuses qui nourrit et sublime la peau, tout en laissant un voile d\u00e9licatement parfum\u00e9.<\/em><\/span><\/p>\n<p data-start=\"748\" data-end=\"860\"><span><em><span style=\"color: #f7b572;\">Un moment de soin et de bien-\u00eatre o\u00f9 douceur et sensualit\u00e9 se m\u00ealent pour \u00e9veiller les sens.<\/span><\/em><\/span><\/p>\n<p data-start=\"748\" data-end=\"860\"><span style=\"color: #f7b572;\">\u00a0<\/span><\/p>\n<p data-start=\"748\" data-end=\"860\">Parfumerie Artisanale Fran\u00e7aise \ud83c\uddeb\ud83c\uddf7<br data-start=\"809\" data-end=\"812\" \/>\u00c9labor\u00e9 \u00e0 Grasse, Directe Artisan Parfumeur<\/p>\n<p>&nbsp;<\/p>\n<p data-start=\"862\" data-end=\"889\"><strong>Description ci-dessous<\/strong>\u00a0\ud83d\udc47<\/p>\n<p data-start=\"862\" data-end=\"889\">\n","protected":false},"featured_media":10505,"comment_status":"open","ping_status":"closed","template":"","meta":{"_acf_changed":false},"product_brand":[],"product_cat":[195,49,179],"product_tag":[62,63,64,79,66,67,69,70,71],"class_list":{"0":"post-10504","1":"product","2":"type-product","3":"status-publish","4":"has-post-thumbnail","6":"product_cat-bons-plans","7":"product_cat-cosmetiques","8":"product_cat-huile-satin","9":"product_tag-aroma-sun","10":"product_tag-club-parfum","11":"product_tag-dlp","12":"product_tag-exhalessence","13":"product_tag-femme","14":"product_tag-fragrance","15":"product_tag-parfum","16":"product_tag-parfums-generiques","17":"product_tag-richard-parfums","19":"first","20":"instock","21":"sale","22":"taxable","23":"shipping-taxable","24":"purchasable","25":"product-type-simple"},"acf":[],"_links":{"self":[{"href":"https:\/\/monparfum.net\/index.php\/wp-json\/wp\/v2\/product\/10504","targetHints":{"allow":["GET"]}}],"collection":[{"href":"https:\/\/monparfum.net\/index.php\/wp-json\/wp\/v2\/product"}],"about":[{"href":"https:\/\/monparfum.net\/index.php\/wp-json\/wp\/v2\/types\/product"}],"replies":[{"embeddable":true,"href":"https:\/\/monparfum.net\/index.php\/wp-json\/wp\/v2\/comments?post=10504"}],"wp:featuredmedia":[{"embeddable":true,"href":"https:\/\/monparfum.net\/index.php\/wp-json\/wp\/v2\/media\/10505"}],"wp:attachment":[{"href":"https:\/\/monparfum.net\/index.php\/wp-json\/wp\/v2\/media?parent=10504"}],"wp:term":[{"taxonomy":"product_brand","embeddable":true,"href":"https:\/\/monparfum.net\/index.php\/wp-json\/wp\/v2\/product_brand?post=10504"},{"taxonomy":"product_cat","embeddable":true,"href":"https:\/\/monparfum.net\/index.php\/wp-json\/wp\/v2\/product_cat?post=10504"},{"taxonomy":"product_tag","embeddable":true,"href":"https:\/\/monparfum.net\/index.php\/wp-json\/wp\/v2\/product_tag?post=10504"}],"curies":[{"name":"wp","href":"https:\/\/api.w.org\/{rel}","templated":true}]}}