{"id":10495,"date":"2026-05-12T10:17:23","date_gmt":"2026-05-12T10:17:23","guid":{"rendered":"https:\/\/monparfum.net\/?post_type=product&#038;p=10495"},"modified":"2026-05-12T10:21:23","modified_gmt":"2026-05-12T10:21:23","slug":"fleur-de-tiare100-ml","status":"publish","type":"product","link":"https:\/\/monparfum.net\/index.php\/produit\/fleur-de-tiare100-ml\/","title":{"rendered":"FLEUR DE TIAR\u00c9<br>100 ml"},"content":{"rendered":"<p>&nbsp;<\/p>\n<p>Flacon verre de 100 ml parfum d'int\u00e9rieur avec 10 b\u00e2tonnets en rotin dans un \u00e9l\u00e9gant coffret : objet d\u00e9co, objet cadeau !<\/p>\n<p>SECRET D'AMBIANCE <strong>FLEUR DE TIAR\u00c9<\/strong><\/p>\n<p>&nbsp;<\/p>\n<p>\u2022 Haute concentration en parfum<\/p>\n<p>\u2022 10 b\u00e2tonnets en rotin (qualit\u00e9 d'absorption pour une diffusion efficace)<\/p>\n<p>&nbsp;<\/p>\n<p><strong>Note de t\u00eate :<\/strong> Frangipanier, Fleurs d'Oranger<\/p>\n<p><strong>Note de c\u0153ur :<\/strong> Tiar\u00e9, Mono\u00ef, Jasmin<\/p>\n<p><strong>Notes de fond :<\/strong> Musc, Vanille<\/p>\n<p>&nbsp;<\/p>\n<p><strong>Conseils d'utilisation<\/strong>\u00a0:<\/p>\n<ul>\n<li>Lors de la 1\u00e8re utilisation, d\u00e9visser la bague en argent pour retirer le bouchon, revisser et plonger les b\u00e2tonnets dans la bouteille pleine.<\/li>\n<li>Laisser les b\u00e2tonnets s'imbiber pendant 30 \u00e0 60 minutes avant de les retourner.<\/li>\n<li>Puis retourner les b\u00e2tonnets tous les 2 \u00e0 3 jours pour une diffusion optimale.<\/li>\n<li>Ne placer pas ce produit pr\u00e8s d'une source de chaleur (radiateur, chemin\u00e9e...) pour \u00e9viter que le parfum ne s'\u00e9vapore trop vite.<\/li>\n<li>Pour une diffusion plus lente et plus douce, n'utiliser qu'une partie des b\u00e2tonnets pr\u00e9sents dans le coffret.<\/li>\n<\/ul>\n<p><strong>Dur\u00e9e de vie<\/strong>\u00a0: environ 3 mois<\/p>\n<p>&nbsp;<\/p>\n<p>&nbsp;<\/p>\n","protected":false},"excerpt":{"rendered":"<p data-start=\"748\" data-end=\"860\"><span style=\"color: #c8e070;\"><em>Une ambiance solaire et exotique qui diffuse d\u00e9licatement son parfum de Mono\u00ef dans votre int\u00e9rieur<\/em><em>.<\/em><\/span><\/p>\n<p data-start=\"748\" data-end=\"860\">\n<p data-start=\"748\" data-end=\"860\">Parfumerie Artisanale Fran\u00e7aise \ud83c\uddeb\ud83c\uddf7<br data-start=\"809\" data-end=\"812\" \/>\u00c9labor\u00e9 \u00e0 Grasse, Directe Artisan Parfumeur<\/p>\n<p>&nbsp;<\/p>\n<p data-start=\"862\" data-end=\"889\"><strong>Description ci-dessous<\/strong>\u00a0\ud83d\udc47<\/p>\n<p data-start=\"862\" data-end=\"889\">\n","protected":false},"featured_media":10496,"comment_status":"open","ping_status":"closed","template":"","meta":{"_acf_changed":false},"product_brand":[],"product_cat":[195],"product_tag":[62,63,64,79,66,405,67,293,69,70,71],"class_list":{"0":"post-10495","1":"product","2":"type-product","3":"status-publish","4":"has-post-thumbnail","6":"product_cat-bons-plans","7":"product_tag-aroma-sun","8":"product_tag-club-parfum","9":"product_tag-dlp","10":"product_tag-exhalessence","11":"product_tag-femme","12":"product_tag-fleur-de-tiare","13":"product_tag-fragrance","14":"product_tag-monoi","15":"product_tag-parfum","16":"product_tag-parfums-generiques","17":"product_tag-richard-parfums","19":"first","20":"instock","21":"sale","22":"sold-individually","23":"taxable","24":"shipping-taxable","25":"purchasable","26":"product-type-simple"},"acf":[],"_links":{"self":[{"href":"https:\/\/monparfum.net\/index.php\/wp-json\/wp\/v2\/product\/10495","targetHints":{"allow":["GET"]}}],"collection":[{"href":"https:\/\/monparfum.net\/index.php\/wp-json\/wp\/v2\/product"}],"about":[{"href":"https:\/\/monparfum.net\/index.php\/wp-json\/wp\/v2\/types\/product"}],"replies":[{"embeddable":true,"href":"https:\/\/monparfum.net\/index.php\/wp-json\/wp\/v2\/comments?post=10495"}],"wp:featuredmedia":[{"embeddable":true,"href":"https:\/\/monparfum.net\/index.php\/wp-json\/wp\/v2\/media\/10496"}],"wp:attachment":[{"href":"https:\/\/monparfum.net\/index.php\/wp-json\/wp\/v2\/media?parent=10495"}],"wp:term":[{"taxonomy":"product_brand","embeddable":true,"href":"https:\/\/monparfum.net\/index.php\/wp-json\/wp\/v2\/product_brand?post=10495"},{"taxonomy":"product_cat","embeddable":true,"href":"https:\/\/monparfum.net\/index.php\/wp-json\/wp\/v2\/product_cat?post=10495"},{"taxonomy":"product_tag","embeddable":true,"href":"https:\/\/monparfum.net\/index.php\/wp-json\/wp\/v2\/product_tag?post=10495"}],"curies":[{"name":"wp","href":"https:\/\/api.w.org\/{rel}","templated":true}]}}