{"id":10492,"date":"2026-05-12T06:35:00","date_gmt":"2026-05-12T06:35:00","guid":{"rendered":"https:\/\/monparfum.net\/?post_type=product&#038;p=10492"},"modified":"2026-05-12T06:39:24","modified_gmt":"2026-05-12T06:39:24","slug":"fleur-de-tiare-100-ml","status":"publish","type":"product","link":"https:\/\/monparfum.net\/index.php\/produit\/fleur-de-tiare-100-ml\/","title":{"rendered":"FLEUR DE TIAR\u00c9 100 ML"},"content":{"rendered":"<p>&nbsp;<\/p>\n<p>Flacon verre de 100 ml parfum d'int\u00e9rieur : une odeur solaire et r\u00e9chauffante !<\/p>\n<p>senteur <strong>FLEUR DE TIAR\u00c9\u00a0<\/strong><\/p>\n<p>&nbsp;<\/p>\n<p>\u2022 Haute concentration en parfum<\/p>\n<p>&nbsp;<\/p>\n<p><strong>Notes de t\u00eate :<\/strong> Frangipanier, Fleurs d'Oranger<\/p>\n<p><strong>Notes de c\u0153ur :<\/strong> Tiar\u00e9, Mono\u00ef, Jasmin<\/p>\n<p><strong>Notes de fond :<\/strong> Musc, Vanille<\/p>\n<p>&nbsp;<\/p>\n<p><span style=\"text-decoration: underline;\"><strong>Conseils d'utilisation<\/strong><\/span> :<\/p>\n<ul>\n<li>Vaporiser 2 \u00e0 3 fois autour de vous \u00a0et recommencer plus loin\u00a0en fonction de la taille de la pi\u00e8ce.<\/li>\n<li>Effet instantan\u00e9.<\/li>\n<li>Tenir hors de port\u00e9e des enfants.<\/li>\n<li>Tenir \u00e0 l\u2019\u00e9cart de la chaleur, des surfaces chaudes, des \u00e9tincelles,\u00a0des flammes nues et de toute autre source d\u2019inflammation.<\/li>\n<\/ul>\n<p>&nbsp;<\/p>\n<p><strong>Dur\u00e9e de vie<\/strong> : environ 4 mois<\/p>\n<p>&nbsp;<\/p>\n<p>&nbsp;<\/p>\n","protected":false},"excerpt":{"rendered":"<p data-start=\"748\" data-end=\"860\"><span style=\"color: #99cc00;\"><em>Un parfum solaire et exotique, doux et envoutant. Retrouvez une ambiance de vacances dans votre int\u00e9rieur gr\u00e2ce au Mono\u00ef.<\/em><\/span><\/p>\n<p data-start=\"748\" data-end=\"860\">\n<p data-start=\"748\" data-end=\"860\">Parfumerie Artisanale Fran\u00e7aise \ud83c\uddeb\ud83c\uddf7<br data-start=\"809\" data-end=\"812\" \/>\u00c9labor\u00e9 \u00e0 Grasse, Directe Artisan Parfumeur<\/p>\n<p>&nbsp;<\/p>\n<p data-start=\"862\" data-end=\"889\"><strong>Description ci-dessous<\/strong>\u00a0\ud83d\udc47<\/p>\n<p data-start=\"862\" data-end=\"889\">\n","protected":false},"featured_media":10493,"comment_status":"open","ping_status":"closed","template":"","meta":{"_acf_changed":false},"product_brand":[],"product_cat":[195],"product_tag":[395,62,63,64,79,66,405,67,293,69,70,71],"class_list":{"0":"post-10492","1":"product","2":"type-product","3":"status-publish","4":"has-post-thumbnail","6":"product_cat-bons-plans","7":"product_tag-adopt","8":"product_tag-aroma-sun","9":"product_tag-club-parfum","10":"product_tag-dlp","11":"product_tag-exhalessence","12":"product_tag-femme","13":"product_tag-fleur-de-tiare","14":"product_tag-fragrance","15":"product_tag-monoi","16":"product_tag-parfum","17":"product_tag-parfums-generiques","18":"product_tag-richard-parfums","20":"first","21":"instock","22":"sale","23":"sold-individually","24":"taxable","25":"shipping-taxable","26":"purchasable","27":"product-type-simple"},"acf":[],"_links":{"self":[{"href":"https:\/\/monparfum.net\/index.php\/wp-json\/wp\/v2\/product\/10492","targetHints":{"allow":["GET"]}}],"collection":[{"href":"https:\/\/monparfum.net\/index.php\/wp-json\/wp\/v2\/product"}],"about":[{"href":"https:\/\/monparfum.net\/index.php\/wp-json\/wp\/v2\/types\/product"}],"replies":[{"embeddable":true,"href":"https:\/\/monparfum.net\/index.php\/wp-json\/wp\/v2\/comments?post=10492"}],"wp:featuredmedia":[{"embeddable":true,"href":"https:\/\/monparfum.net\/index.php\/wp-json\/wp\/v2\/media\/10493"}],"wp:attachment":[{"href":"https:\/\/monparfum.net\/index.php\/wp-json\/wp\/v2\/media?parent=10492"}],"wp:term":[{"taxonomy":"product_brand","embeddable":true,"href":"https:\/\/monparfum.net\/index.php\/wp-json\/wp\/v2\/product_brand?post=10492"},{"taxonomy":"product_cat","embeddable":true,"href":"https:\/\/monparfum.net\/index.php\/wp-json\/wp\/v2\/product_cat?post=10492"},{"taxonomy":"product_tag","embeddable":true,"href":"https:\/\/monparfum.net\/index.php\/wp-json\/wp\/v2\/product_tag?post=10492"}],"curies":[{"name":"wp","href":"https:\/\/api.w.org\/{rel}","templated":true}]}}