{"id":10484,"date":"2026-05-11T17:49:56","date_gmt":"2026-05-11T17:49:56","guid":{"rendered":"https:\/\/monparfum.net\/?post_type=product&#038;p=10484"},"modified":"2026-05-11T17:55:11","modified_gmt":"2026-05-11T17:55:11","slug":"rose-eternelle-180gbijou-a-linterieur","status":"publish","type":"product","link":"https:\/\/monparfum.net\/index.php\/produit\/rose-eternelle-180gbijou-a-linterieur\/","title":{"rendered":"ROSE \u00c9TERNELLE 180g<br>Bijou \u00e0 l'int\u00e9rieur"},"content":{"rendered":"<p>&nbsp;<\/p>\n<p>D\u00e9couvrez nos Bougies Parfum\u00e9es de 160g : senteur <strong>ROSE \u00c9TERNELLE<\/strong><\/p>\n<p>\u2022 Haute concentration en parfum<\/p>\n<p>\u2022 Cire 100% v\u00e9g\u00e9tale<\/p>\n<p>\u2022 M\u00e8che 100% coton naturel garantie sans plomb et non trait\u00e9e<\/p>\n<p>\u2022 Dur\u00e9e de combustion de 40 heures environ<\/p>\n<p>&nbsp;<\/p>\n<p><strong>Notes de t\u00eate :<\/strong> Bergamote, Aub\u00e9pine<\/p>\n<p><strong>Notes de c\u0153ur :<\/strong> Rose, Muguet, Violette<\/p>\n<p><strong>Notes de fond :<\/strong> Bois de C\u00e8dre, Santal<\/p>\n<p>&nbsp;<\/p>\n<p>Compos\u00e9es d\u2019un complexe de cires d\u00e9velopp\u00e9 sur mesure, adapt\u00e9 au besoin d\u2019une combustion lente et d\u2019une diffusion optimale, nos bougies pr\u00e9sent\u00e9es dans un joli pot en verre apportent des senteurs douces \u00e0 votre int\u00e9rieur.<\/p>\n<p>Inutile d\u2019investir dans une bougie antitabac, toutes nos bougies absorbent la fum\u00e9e.<\/p>\n<p>&nbsp;<\/p>\n<p><strong>Dur\u00e9e de combustion<\/strong> : 40 heures environ<\/p>\n<p>&nbsp;<\/p>\n<p><span style=\"text-decoration: underline;\"><strong>Conseils d'utilisation<\/strong><\/span> :<\/p>\n<ul>\n<li>Pour un usage optimal : couper r\u00e9guli\u00e8rement la m\u00e8che lorsque la bougie\u00a0est froide. La longueur de la m\u00e8che doit \u00eatre de cinq millim\u00e8tres environ, afin d\u2019emp\u00eacher la\u00a0flamme de devenir trop haute et la bougie de fumer.<\/li>\n<li>Le parfum des bougies se diffuse plus g\u00e9n\u00e9reusement lorsque la surface de la bougie est\u00a0fondue sur toute sa surface.<\/li>\n<\/ul>\n<p>&nbsp;<\/p>\n<p>&nbsp;<\/p>\n","protected":false},"excerpt":{"rendered":"<p data-start=\"748\" data-end=\"860\"><span><em><span style=\"color: #c5a033;\">La rose de Grasse, d\u00e9licate et envo\u00fbtante, <span style=\"caret-color: #c5a033;\">apporte une ambiance douce et intemporelle<\/span><\/span><\/em><em style=\"color: #c5a033;\">.<br \/>\nAu fil de la flamme, un bijou se d\u00e9voile, comme une pr\u00e9cieuse surprise.<\/em><\/span><\/p>\n<p data-start=\"748\" data-end=\"860\">\n<p data-start=\"748\" data-end=\"860\">Parfumerie Artisanale Fran\u00e7aise \ud83c\uddeb\ud83c\uddf7<br data-start=\"809\" data-end=\"812\" \/>\u00c9labor\u00e9 \u00e0 Grasse, Directe Artisan Parfumeur<\/p>\n<p>&nbsp;<\/p>\n<p data-start=\"862\" data-end=\"889\"><strong>Description ci-dessous<\/strong>\u00a0\ud83d\udc47<\/p>\n<p data-start=\"862\" data-end=\"889\">\n","protected":false},"featured_media":10485,"comment_status":"open","ping_status":"closed","template":"","meta":{"_acf_changed":false},"product_brand":[],"product_cat":[195],"product_tag":[62,436,199,63,64,79,66,67,69,70,71,437],"class_list":{"0":"post-10484","1":"product","2":"type-product","3":"status-publish","4":"has-post-thumbnail","6":"product_cat-bons-plans","7":"product_tag-aroma-sun","8":"product_tag-bougie-ecrin","9":"product_tag-bougie-parfumee","10":"product_tag-club-parfum","11":"product_tag-dlp","12":"product_tag-exhalessence","13":"product_tag-femme","14":"product_tag-fragrance","15":"product_tag-parfum","16":"product_tag-parfums-generiques","17":"product_tag-richard-parfums","18":"product_tag-rose-eternelle","20":"first","21":"instock","22":"taxable","23":"shipping-taxable","24":"purchasable","25":"product-type-simple"},"acf":[],"_links":{"self":[{"href":"https:\/\/monparfum.net\/index.php\/wp-json\/wp\/v2\/product\/10484","targetHints":{"allow":["GET"]}}],"collection":[{"href":"https:\/\/monparfum.net\/index.php\/wp-json\/wp\/v2\/product"}],"about":[{"href":"https:\/\/monparfum.net\/index.php\/wp-json\/wp\/v2\/types\/product"}],"replies":[{"embeddable":true,"href":"https:\/\/monparfum.net\/index.php\/wp-json\/wp\/v2\/comments?post=10484"}],"wp:featuredmedia":[{"embeddable":true,"href":"https:\/\/monparfum.net\/index.php\/wp-json\/wp\/v2\/media\/10485"}],"wp:attachment":[{"href":"https:\/\/monparfum.net\/index.php\/wp-json\/wp\/v2\/media?parent=10484"}],"wp:term":[{"taxonomy":"product_brand","embeddable":true,"href":"https:\/\/monparfum.net\/index.php\/wp-json\/wp\/v2\/product_brand?post=10484"},{"taxonomy":"product_cat","embeddable":true,"href":"https:\/\/monparfum.net\/index.php\/wp-json\/wp\/v2\/product_cat?post=10484"},{"taxonomy":"product_tag","embeddable":true,"href":"https:\/\/monparfum.net\/index.php\/wp-json\/wp\/v2\/product_tag?post=10484"}],"curies":[{"name":"wp","href":"https:\/\/api.w.org\/{rel}","templated":true}]}}